{"id":1911,"date":"2022-08-25T18:15:21","date_gmt":"2022-08-25T16:15:21","guid":{"rendered":"https:\/\/qwartzstudio.com\/?page_id=1911"},"modified":"2023-03-09T20:24:35","modified_gmt":"2023-03-09T19:24:35","slug":"creation-de-contenu-ads","status":"publish","type":"page","link":"https:\/\/qwartzstudio.com\/index.php\/creation-de-contenu-ads\/","title":{"rendered":"Cr\u00e9ation de contenu ADS"},"content":{"rendered":"\t\t<div data-elementor-type=\"wp-page\" data-elementor-id=\"1911\" class=\"elementor elementor-1911\">\n\t\t\t\t\t\t\t\t\t<section class=\"elementor-section elementor-top-section elementor-element elementor-element-141b35d elementor-section-height-min-height elementor-section-boxed elementor-section-height-default elementor-section-items-middle row-top\" data-id=\"141b35d\" data-element_type=\"section\" data-settings=\"{&quot;background_background&quot;:&quot;video&quot;,&quot;background_video_link&quot;:&quot;https:\\\/\\\/youtu.be\\\/SLRmnVXV0To&quot;,&quot;background_play_on_mobile&quot;:&quot;yes&quot;}\">\n\t\t\t\t\t\t\t\t<div class=\"elementor-background-video-container\">\n\t\t\t\t\t\t\t\t\t\t\t\t\t<div class=\"elementor-background-video-embed\"><\/div>\n\t\t\t\t\t\t\t\t\t\t\t\t<\/div>\n\t\t\t\t\t\t\t\t\t<div class=\"elementor-background-overlay\"><\/div>\n\t\t\t\t\t\t\t<div class=\"elementor-container elementor-column-gap-default\">\n\t\t\t\t\t<div class=\"elementor-column elementor-col-100 elementor-top-column elementor-element elementor-element-3920eb94 column-style-top\" data-id=\"3920eb94\" data-element_type=\"column\">\n\t\t\t<div class=\"elementor-widget-wrap elementor-element-populated\">\n\t\t\t\t\t\t\t\t<section class=\"elementor-section elementor-inner-section elementor-element elementor-element-a25671f elementor-section-boxed elementor-section-height-default elementor-section-height-default row-top\" data-id=\"a25671f\" data-element_type=\"section\">\n\t\t\t\t\t\t<div class=\"elementor-container elementor-column-gap-default\">\n\t\t\t\t\t<div class=\"elementor-column elementor-col-100 elementor-inner-column elementor-element elementor-element-3ff587c4 column-style-top\" data-id=\"3ff587c4\" data-element_type=\"column\">\n\t\t\t<div class=\"elementor-widget-wrap elementor-element-populated\">\n\t\t\t\t\t\t\t\t<div class=\"elementor-element elementor-element-4a8af697 elementor-widget elementor-widget-heading\" data-id=\"4a8af697\" data-element_type=\"widget\" data-widget_type=\"heading.default\">\n\t\t\t\t<div class=\"elementor-widget-container\">\n\t\t\t<style>\/*! elementor - v3.11.2 - 22-02-2023 *\/\n.elementor-heading-title{padding:0;margin:0;line-height:1}.elementor-widget-heading .elementor-heading-title[class*=elementor-size-]>a{color:inherit;font-size:inherit;line-height:inherit}.elementor-widget-heading .elementor-heading-title.elementor-size-small{font-size:15px}.elementor-widget-heading .elementor-heading-title.elementor-size-medium{font-size:19px}.elementor-widget-heading .elementor-heading-title.elementor-size-large{font-size:29px}.elementor-widget-heading .elementor-heading-title.elementor-size-xl{font-size:39px}.elementor-widget-heading .elementor-heading-title.elementor-size-xxl{font-size:59px}<\/style><h1 class=\"elementor-heading-title elementor-size-default\">On g\u00e8re vos cr\u00e9as<\/h1>\t\t<\/div>\n\t\t\t\t<\/div>\n\t\t\t\t<div class=\"elementor-element elementor-element-1b1ba741 elementor-widget elementor-widget-heading\" data-id=\"1b1ba741\" data-element_type=\"widget\" data-widget_type=\"heading.default\">\n\t\t\t\t<div class=\"elementor-widget-container\">\n\t\t\t<h1 class=\"elementor-heading-title elementor-size-default\">publicitaires ads<\/h1>\t\t<\/div>\n\t\t\t\t<\/div>\n\t\t\t\t<div class=\"elementor-element elementor-element-7578d855 elementor-widget elementor-widget-spacer\" data-id=\"7578d855\" data-element_type=\"widget\" data-widget_type=\"spacer.default\">\n\t\t\t\t<div class=\"elementor-widget-container\">\n\t\t\t<style>\/*! elementor - v3.11.2 - 22-02-2023 *\/\n.elementor-column .elementor-spacer-inner{height:var(--spacer-size)}.e-con{--container-widget-width:100%}.e-con-inner>.elementor-widget-spacer,.e-con>.elementor-widget-spacer{width:var(--container-widget-width,var(--spacer-size));--align-self:var(--container-widget-align-self,initial);--flex-shrink:0}.e-con-inner>.elementor-widget-spacer>.elementor-widget-container,.e-con-inner>.elementor-widget-spacer>.elementor-widget-container>.elementor-spacer,.e-con>.elementor-widget-spacer>.elementor-widget-container,.e-con>.elementor-widget-spacer>.elementor-widget-container>.elementor-spacer{height:100%}.e-con-inner>.elementor-widget-spacer>.elementor-widget-container>.elementor-spacer>.elementor-spacer-inner,.e-con>.elementor-widget-spacer>.elementor-widget-container>.elementor-spacer>.elementor-spacer-inner{height:var(--container-widget-height,var(--spacer-size))}<\/style>\t\t<div class=\"elementor-spacer\">\n\t\t\t<div class=\"elementor-spacer-inner\"><\/div>\n\t\t<\/div>\n\t\t\t\t<\/div>\n\t\t\t\t<\/div>\n\t\t\t\t\t<\/div>\n\t\t<\/div>\n\t\t\t\t\t\t\t<\/div>\n\t\t<\/section>\n\t\t\t\t\t<\/div>\n\t\t<\/div>\n\t\t\t\t\t\t\t<\/div>\n\t\t<\/section>\n\t\t\t\t<section class=\"elementor-section elementor-top-section elementor-element elementor-element-43c5b50 elementor-section-boxed elementor-section-height-default elementor-section-height-default row-top\" data-id=\"43c5b50\" data-element_type=\"section\" data-settings=\"{&quot;background_background&quot;:&quot;gradient&quot;}\">\n\t\t\t\t\t\t<div class=\"elementor-container elementor-column-gap-no\">\n\t\t\t\t\t<div class=\"elementor-column elementor-col-100 elementor-top-column elementor-element elementor-element-5a50c74b\" data-id=\"5a50c74b\" data-element_type=\"column\" data-settings=\"{&quot;background_background&quot;:&quot;classic&quot;}\">\n\t\t\t<div class=\"elementor-widget-wrap elementor-element-populated\">\n\t\t\t\t\t\t\t\t<section class=\"elementor-section elementor-inner-section elementor-element elementor-element-19f4c82e elementor-section-boxed elementor-section-height-default elementor-section-height-default row-top\" data-id=\"19f4c82e\" data-element_type=\"section\" data-settings=\"{&quot;background_background&quot;:&quot;classic&quot;}\">\n\t\t\t\t\t\t<div class=\"elementor-container elementor-column-gap-no\">\n\t\t\t\t\t<div class=\"elementor-column elementor-col-50 elementor-inner-column elementor-element elementor-element-7a0ce182 column-style-top elementor-invisible\" data-id=\"7a0ce182\" data-element_type=\"column\" data-settings=\"{&quot;background_background&quot;:&quot;classic&quot;,&quot;animation&quot;:&quot;fadeInLeft&quot;}\">\n\t\t\t<div class=\"elementor-widget-wrap elementor-element-populated\">\n\t\t\t\t\t\t\t\t<div class=\"elementor-element elementor-element-97b1e8d elementor-widget elementor-widget-video\" data-id=\"97b1e8d\" data-element_type=\"widget\" data-settings=\"{&quot;youtube_url&quot;:&quot;https:\\\/\\\/youtube.com\\\/shorts\\\/6g9Q53zCMPE&quot;,&quot;autoplay&quot;:&quot;yes&quot;,&quot;play_on_mobile&quot;:&quot;yes&quot;,&quot;mute&quot;:&quot;yes&quot;,&quot;loop&quot;:&quot;yes&quot;,&quot;video_type&quot;:&quot;youtube&quot;,&quot;controls&quot;:&quot;yes&quot;}\" data-widget_type=\"video.default\">\n\t\t\t\t<div class=\"elementor-widget-container\">\n\t\t\t<style>\/*! elementor - v3.11.2 - 22-02-2023 *\/\n.elementor-widget-video .elementor-widget-container{overflow:hidden;transform:translateZ(0)}.elementor-widget-video .elementor-wrapper iframe,.elementor-widget-video .elementor-wrapper video{height:100%;width:100%;border:none;background-color:#000}.elementor-widget-video .elementor-open-inline .elementor-custom-embed-image-overlay{position:absolute;top:0;left:0;width:100%;height:100%;background-size:cover;background-position:50%}.elementor-widget-video .elementor-custom-embed-image-overlay{cursor:pointer;text-align:center}.elementor-widget-video .elementor-custom-embed-image-overlay:hover .elementor-custom-embed-play i{opacity:1}.elementor-widget-video .elementor-custom-embed-image-overlay img{display:block;width:100%}.elementor-widget-video .e-hosted-video .elementor-video{-o-object-fit:cover;object-fit:cover}.e-con-inner>.elementor-widget-video,.e-con>.elementor-widget-video{width:var(--container-widget-width);--flex-grow:var(--container-widget-flex-grow)}<\/style>\t\t<div class=\"elementor-wrapper elementor-open-inline\">\n\t\t\t<div class=\"elementor-video\"><\/div>\t\t<\/div>\n\t\t\t\t<\/div>\n\t\t\t\t<\/div>\n\t\t\t\t\t<\/div>\n\t\t<\/div>\n\t\t\t\t<div class=\"elementor-column elementor-col-50 elementor-inner-column elementor-element elementor-element-71fd064f column-style-top\" data-id=\"71fd064f\" data-element_type=\"column\">\n\t\t\t<div class=\"elementor-widget-wrap elementor-element-populated\">\n\t\t\t\t\t\t\t\t<div class=\"elementor-element elementor-element-6c99c930 elementor-widget elementor-widget-gva-heading-block\" data-id=\"6c99c930\" data-element_type=\"widget\" data-widget_type=\"gva-heading-block.default\">\n\t\t\t\t<div class=\"elementor-widget-container\">\n\t\t\t<div class=\"gva-element-gva-heading-block gva-element\">      <div class=\"align-center style-1 widget gsc-heading box-align-center auto-responsive\">\r\n      <div class=\"content-inner\">\r\n         \r\n                  \r\n                     <div class=\"sub-title\"><span>ALLONS PLUS LOIN ENCORE ENSEMBLE<\/span><\/div>\r\n           \r\n         \r\n                              <div class=\"title-desc\">Vous ne connaissez pas encore la social ADS? Traduisez pas \"Publicit\u00e9s sociales\", ces pubs ont pour objectif de donner de la visibilit\u00e9 aux contenus ou offres aupr\u00e8s d'une audience cibl\u00e9e.\n<\/div>\r\n         \r\n         \r\n      <\/div>\r\n   <\/div>\r\n   \r\n    <\/div>\t\t<\/div>\n\t\t\t\t<\/div>\n\t\t\t\t<div class=\"elementor-element elementor-element-cf2f13e elementor-align-center elementor-invisible elementor-widget elementor-widget-button\" data-id=\"cf2f13e\" data-element_type=\"widget\" data-settings=\"{&quot;_animation&quot;:&quot;bounce&quot;}\" data-widget_type=\"button.default\">\n\t\t\t\t<div class=\"elementor-widget-container\">\n\t\t\t\t\t<div class=\"elementor-button-wrapper\">\n\t\t\t<a href=\"#\" class=\"elementor-button-link elementor-button elementor-size-sm elementor-animation-float\" role=\"button\">\n\t\t\t\t\t\t<span class=\"elementor-button-content-wrapper\">\n\t\t\t\t\t\t\t<span class=\"elementor-button-icon elementor-align-icon-right\">\n\t\t\t\t<i aria-hidden=\"true\" class=\"fas fa-long-arrow-alt-right\"><\/i>\t\t\t<\/span>\n\t\t\t\t\t\t<span class=\"elementor-button-text\">Contactez-nous<\/span>\n\t\t<\/span>\n\t\t\t\t\t<\/a>\n\t\t<\/div>\n\t\t\t\t<\/div>\n\t\t\t\t<\/div>\n\t\t\t\t\t<\/div>\n\t\t<\/div>\n\t\t\t\t\t\t\t<\/div>\n\t\t<\/section>\n\t\t\t\t\t<\/div>\n\t\t<\/div>\n\t\t\t\t\t\t\t<\/div>\n\t\t<\/section>\n\t\t\t\t<section class=\"elementor-section elementor-top-section elementor-element elementor-element-bf73467 elementor-section-boxed elementor-section-height-default elementor-section-height-default row-top elementor-invisible\" data-id=\"bf73467\" data-element_type=\"section\" data-settings=\"{&quot;animation&quot;:&quot;fadeIn&quot;}\">\n\t\t\t\t\t\t<div class=\"elementor-container elementor-column-gap-no\">\n\t\t\t\t\t<div class=\"elementor-column elementor-col-100 elementor-top-column elementor-element elementor-element-47867d32 column-style-top\" data-id=\"47867d32\" data-element_type=\"column\">\n\t\t\t<div class=\"elementor-widget-wrap elementor-element-populated\">\n\t\t\t\t\t\t\t\t<section class=\"elementor-section elementor-inner-section elementor-element elementor-element-38622f3 elementor-section-boxed elementor-section-height-default elementor-section-height-default row-top\" data-id=\"38622f3\" data-element_type=\"section\">\n\t\t\t\t\t\t<div class=\"elementor-container elementor-column-gap-default\">\n\t\t\t\t\t<div class=\"elementor-column elementor-col-100 elementor-inner-column elementor-element elementor-element-9df08f1 column-style-top\" data-id=\"9df08f1\" data-element_type=\"column\">\n\t\t\t<div class=\"elementor-widget-wrap elementor-element-populated\">\n\t\t\t\t\t\t\t\t<div class=\"elementor-element elementor-element-eff2d53 elementor-widget elementor-widget-image\" data-id=\"eff2d53\" data-element_type=\"widget\" data-widget_type=\"image.default\">\n\t\t\t\t<div class=\"elementor-widget-container\">\n\t\t\t<style>\/*! elementor - v3.11.2 - 22-02-2023 *\/\n.elementor-widget-image{text-align:center}.elementor-widget-image a{display:inline-block}.elementor-widget-image a img[src$=\".svg\"]{width:48px}.elementor-widget-image img{vertical-align:middle;display:inline-block}<\/style>\t\t\t\t\t\t\t\t\t\t\t\t<img decoding=\"async\" width=\"900\" height=\"506\" src=\"https:\/\/qwartzstudio.com\/wp-content\/uploads\/2023\/02\/Clean-Modern-App-Portfolio-Mockup-Presentation-1024x576.jpg\" class=\"attachment-large size-large wp-image-6986\" alt=\"\" srcset=\"https:\/\/qwartzstudio.com\/wp-content\/uploads\/2023\/02\/Clean-Modern-App-Portfolio-Mockup-Presentation-1024x576.jpg 1024w, https:\/\/qwartzstudio.com\/wp-content\/uploads\/2023\/02\/Clean-Modern-App-Portfolio-Mockup-Presentation-768x432.jpg 768w, https:\/\/qwartzstudio.com\/wp-content\/uploads\/2023\/02\/Clean-Modern-App-Portfolio-Mockup-Presentation.jpg 1920w\" sizes=\"(max-width: 900px) 100vw, 900px\" \/>\t\t\t\t\t\t\t\t\t\t\t\t\t\t\t<\/div>\n\t\t\t\t<\/div>\n\t\t\t\t\t<\/div>\n\t\t<\/div>\n\t\t\t\t\t\t\t<\/div>\n\t\t<\/section>\n\t\t\t\t<div class=\"elementor-element elementor-element-75e73492 elementor-widget elementor-widget-gva-heading-block\" data-id=\"75e73492\" data-element_type=\"widget\" data-widget_type=\"gva-heading-block.default\">\n\t\t\t\t<div class=\"elementor-widget-container\">\n\t\t\t<div class=\"gva-element-gva-heading-block gva-element\">   \r\n         <div class=\"align-center style-3 widget gsc-heading box-align-center auto-responsive\">\r\n         <div class=\"content-inner\">\r\n            \r\n                                                   <h2 class=\"title\">\r\n                  <span>Feedback<\/span>\r\n               <\/h2>\r\n                                       <div class=\"sub-title\"><span>T\u00e9moignages<\/span><\/div>\r\n             \r\n            \r\n            \r\n         <\/div>\r\n      <\/div>\r\n    <\/div>\t\t<\/div>\n\t\t\t\t<\/div>\n\t\t\t\t<div class=\"elementor-element elementor-element-78512e14 elementor-widget elementor-widget-gva-testimonials\" data-id=\"78512e14\" data-element_type=\"widget\" data-widget_type=\"gva-testimonials.default\">\n\t\t\t\t<div class=\"elementor-widget-container\">\n\t\t\t<div class=\"gva-element-gva-testimonials gva-element\">   \r\n   <div class=\"gva-testimonial-carousel style-1\">\r\n      <div class=\"init-carousel-owl owl-carousel\" data-items=\"1\" data-items_lg=\"1\" data-items_md=\"1\" data-items_sm=\"1\" data-items_xs=\"1\" data-items_xx=\"1\" data-loop=\"1\" data-speed=\"800\" data-auto_play=\"0\" data-auto_play_speed=\"800\" data-auto_play_timeout=\"6000\" data-auto_play_hover=\"1\" data-navigation=\"1\" data-pagination=\"0\" data-mouse_drag=\"1\" data-touch_drag=\"1\" >\r\n                                 <div class=\"item\">\r\n               <div class=\"testimonial-item\">\r\n                  <div class=\"testimonial-content\">\r\n                     <div class=\"testimonial-image\"><img decoding=\"async\" src=\"https:\/\/qwartzstudio.com\/wp-content\/uploads\/2023\/02\/qwartz-studio-agency-photo-entrepreneur-avis-clients-3.png\" alt=\"Aur\u00e9lie\" \/><\/div>\r\n                     <div class=\"testimonial-content-inner\">\r\n                        <div class=\"testimonial-quote\">\" Les vid\u00e9os ads ont propuls\u00e9es mon activit\u00e9 et mon CA a compl\u00e8tement explos\u00e9.\"<\/div>\r\n                        <div class=\"testimonial-meta\">\r\n                           <div class=\"testimonial-information\">\r\n                              <span class=\"testimonial-name\">Aur\u00e9lie,<\/span>\r\n                              <span class=\"testimonial-job\">Cr\u00e9atrice, Ludivi Bijoux<\/span>\r\n                           <\/div>\r\n                        <\/div>\r\n                        <span class=\"quote-icon\"><i class=\"fi flaticon-quote\"><\/i><\/span>\r\n                     <\/div>\r\n                  <\/div>   \r\n               <\/div>\r\n            <\/div>   \r\n               <\/div>\r\n   <\/div>\r\n   <\/div>\t\t<\/div>\n\t\t\t\t<\/div>\n\t\t\t\t\t<\/div>\n\t\t<\/div>\n\t\t\t\t\t\t\t<\/div>\n\t\t<\/section>\n\t\t\t\t\t\t\t<\/div>\n\t\t","protected":false},"excerpt":{"rendered":"<p>On g\u00e8re vos cr\u00e9as publicitaires ads ALLONS PLUS LOIN ENCORE ENSEMBLE Vous ne connaissez pas encore la social ADS? Traduisez pas &#8220;Publicit\u00e9s sociales&#8221;, ces pubs ont pour objectif de donner de la visibilit\u00e9 aux contenus ou offres aupr\u00e8s d&#8217;une audience cibl\u00e9e. Contactez-nous Feedback T\u00e9moignages &#8221; Les vid\u00e9os ads ont propuls\u00e9es mon activit\u00e9 et mon CA [&hellip;]<\/p>\n","protected":false},"author":1,"featured_media":0,"parent":0,"menu_order":0,"comment_status":"closed","ping_status":"closed","template":"elementor_header_footer","meta":{"footnotes":""},"class_list":["post-1911","page","type-page","status-publish","hentry"],"yoast_head":"<!-- This site is optimized with the Yoast SEO plugin v20.2.1 - https:\/\/yoast.com\/wordpress\/plugins\/seo\/ -->\n<title>Cr\u00e9ation de contenu ADS - Qwartz studio<\/title>\n<meta name=\"robots\" content=\"index, follow, max-snippet:-1, max-image-preview:large, max-video-preview:-1\" \/>\n<link rel=\"canonical\" href=\"https:\/\/qwartzstudio.com\/index.php\/creation-de-contenu-ads\/\" \/>\n<meta property=\"og:locale\" content=\"fr_FR\" \/>\n<meta property=\"og:type\" content=\"article\" \/>\n<meta property=\"og:title\" content=\"Cr\u00e9ation de contenu ADS - Qwartz studio\" \/>\n<meta property=\"og:description\" content=\"On g\u00e8re vos cr\u00e9as publicitaires ads ALLONS PLUS LOIN ENCORE ENSEMBLE Vous ne connaissez pas encore la social ADS? Traduisez pas &#8220;Publicit\u00e9s sociales&#8221;, ces pubs ont pour objectif de donner de la visibilit\u00e9 aux contenus ou offres aupr\u00e8s d&#8217;une audience cibl\u00e9e. Contactez-nous Feedback T\u00e9moignages &#8221; Les vid\u00e9os ads ont propuls\u00e9es mon activit\u00e9 et mon CA [&hellip;]\" \/>\n<meta property=\"og:url\" content=\"https:\/\/qwartzstudio.com\/index.php\/creation-de-contenu-ads\/\" \/>\n<meta property=\"og:site_name\" content=\"Qwartz studio\" \/>\n<meta property=\"article:modified_time\" content=\"2023-03-09T19:24:35+00:00\" \/>\n<meta property=\"og:image\" content=\"https:\/\/qwartzstudio.com\/wp-content\/uploads\/2023\/02\/Clean-Modern-App-Portfolio-Mockup-Presentation-1024x576.jpg\" \/>\n<meta name=\"twitter:card\" content=\"summary_large_image\" \/>\n<meta name=\"twitter:label1\" content=\"Dur\u00e9e de lecture estim\u00e9e\" \/>\n\t<meta name=\"twitter:data1\" content=\"2 minutes\" \/>\n<script type=\"application\/ld+json\" class=\"yoast-schema-graph\">{\"@context\":\"https:\/\/schema.org\",\"@graph\":[{\"@type\":\"WebPage\",\"@id\":\"https:\/\/qwartzstudio.com\/index.php\/creation-de-contenu-ads\/\",\"url\":\"https:\/\/qwartzstudio.com\/index.php\/creation-de-contenu-ads\/\",\"name\":\"Cr\u00e9ation de contenu ADS - Qwartz studio\",\"isPartOf\":{\"@id\":\"https:\/\/qwartzstudio.com\/#website\"},\"datePublished\":\"2022-08-25T16:15:21+00:00\",\"dateModified\":\"2023-03-09T19:24:35+00:00\",\"breadcrumb\":{\"@id\":\"https:\/\/qwartzstudio.com\/index.php\/creation-de-contenu-ads\/#breadcrumb\"},\"inLanguage\":\"fr-FR\",\"potentialAction\":[{\"@type\":\"ReadAction\",\"target\":[\"https:\/\/qwartzstudio.com\/index.php\/creation-de-contenu-ads\/\"]}]},{\"@type\":\"BreadcrumbList\",\"@id\":\"https:\/\/qwartzstudio.com\/index.php\/creation-de-contenu-ads\/#breadcrumb\",\"itemListElement\":[{\"@type\":\"ListItem\",\"position\":1,\"name\":\"Accueil\",\"item\":\"https:\/\/qwartzstudio.com\/\"},{\"@type\":\"ListItem\",\"position\":2,\"name\":\"Cr\u00e9ation de contenu ADS\"}]},{\"@type\":\"WebSite\",\"@id\":\"https:\/\/qwartzstudio.com\/#website\",\"url\":\"https:\/\/qwartzstudio.com\/\",\"name\":\"Qwartz studio\",\"description\":\"Agence digitale\",\"publisher\":{\"@id\":\"https:\/\/qwartzstudio.com\/#organization\"},\"potentialAction\":[{\"@type\":\"SearchAction\",\"target\":{\"@type\":\"EntryPoint\",\"urlTemplate\":\"https:\/\/qwartzstudio.com\/?s={search_term_string}\"},\"query-input\":\"required name=search_term_string\"}],\"inLanguage\":\"fr-FR\"},{\"@type\":\"Organization\",\"@id\":\"https:\/\/qwartzstudio.com\/#organization\",\"name\":\"Qwartz studio\",\"url\":\"https:\/\/qwartzstudio.com\/\",\"logo\":{\"@type\":\"ImageObject\",\"inLanguage\":\"fr-FR\",\"@id\":\"https:\/\/qwartzstudio.com\/#\/schema\/logo\/image\/\",\"url\":\"https:\/\/qwartzstudio.com\/wp-content\/uploads\/2020\/11\/logo-regular-free-img.png\",\"contentUrl\":\"https:\/\/qwartzstudio.com\/wp-content\/uploads\/2020\/11\/logo-regular-free-img.png\",\"width\":165,\"height\":32,\"caption\":\"Qwartz studio\"},\"image\":{\"@id\":\"https:\/\/qwartzstudio.com\/#\/schema\/logo\/image\/\"}}]}<\/script>\n<!-- \/ Yoast SEO plugin. -->","yoast_head_json":{"title":"Cr\u00e9ation de contenu ADS - Qwartz studio","robots":{"index":"index","follow":"follow","max-snippet":"max-snippet:-1","max-image-preview":"max-image-preview:large","max-video-preview":"max-video-preview:-1"},"canonical":"https:\/\/qwartzstudio.com\/index.php\/creation-de-contenu-ads\/","og_locale":"fr_FR","og_type":"article","og_title":"Cr\u00e9ation de contenu ADS - Qwartz studio","og_description":"On g\u00e8re vos cr\u00e9as publicitaires ads ALLONS PLUS LOIN ENCORE ENSEMBLE Vous ne connaissez pas encore la social ADS? Traduisez pas &#8220;Publicit\u00e9s sociales&#8221;, ces pubs ont pour objectif de donner de la visibilit\u00e9 aux contenus ou offres aupr\u00e8s d&#8217;une audience cibl\u00e9e. Contactez-nous Feedback T\u00e9moignages &#8221; Les vid\u00e9os ads ont propuls\u00e9es mon activit\u00e9 et mon CA [&hellip;]","og_url":"https:\/\/qwartzstudio.com\/index.php\/creation-de-contenu-ads\/","og_site_name":"Qwartz studio","article_modified_time":"2023-03-09T19:24:35+00:00","og_image":[{"url":"https:\/\/qwartzstudio.com\/wp-content\/uploads\/2023\/02\/Clean-Modern-App-Portfolio-Mockup-Presentation-1024x576.jpg"}],"twitter_card":"summary_large_image","twitter_misc":{"Dur\u00e9e de lecture estim\u00e9e":"2 minutes"},"schema":{"@context":"https:\/\/schema.org","@graph":[{"@type":"WebPage","@id":"https:\/\/qwartzstudio.com\/index.php\/creation-de-contenu-ads\/","url":"https:\/\/qwartzstudio.com\/index.php\/creation-de-contenu-ads\/","name":"Cr\u00e9ation de contenu ADS - Qwartz studio","isPartOf":{"@id":"https:\/\/qwartzstudio.com\/#website"},"datePublished":"2022-08-25T16:15:21+00:00","dateModified":"2023-03-09T19:24:35+00:00","breadcrumb":{"@id":"https:\/\/qwartzstudio.com\/index.php\/creation-de-contenu-ads\/#breadcrumb"},"inLanguage":"fr-FR","potentialAction":[{"@type":"ReadAction","target":["https:\/\/qwartzstudio.com\/index.php\/creation-de-contenu-ads\/"]}]},{"@type":"BreadcrumbList","@id":"https:\/\/qwartzstudio.com\/index.php\/creation-de-contenu-ads\/#breadcrumb","itemListElement":[{"@type":"ListItem","position":1,"name":"Accueil","item":"https:\/\/qwartzstudio.com\/"},{"@type":"ListItem","position":2,"name":"Cr\u00e9ation de contenu ADS"}]},{"@type":"WebSite","@id":"https:\/\/qwartzstudio.com\/#website","url":"https:\/\/qwartzstudio.com\/","name":"Qwartz studio","description":"Agence digitale","publisher":{"@id":"https:\/\/qwartzstudio.com\/#organization"},"potentialAction":[{"@type":"SearchAction","target":{"@type":"EntryPoint","urlTemplate":"https:\/\/qwartzstudio.com\/?s={search_term_string}"},"query-input":"required name=search_term_string"}],"inLanguage":"fr-FR"},{"@type":"Organization","@id":"https:\/\/qwartzstudio.com\/#organization","name":"Qwartz studio","url":"https:\/\/qwartzstudio.com\/","logo":{"@type":"ImageObject","inLanguage":"fr-FR","@id":"https:\/\/qwartzstudio.com\/#\/schema\/logo\/image\/","url":"https:\/\/qwartzstudio.com\/wp-content\/uploads\/2020\/11\/logo-regular-free-img.png","contentUrl":"https:\/\/qwartzstudio.com\/wp-content\/uploads\/2020\/11\/logo-regular-free-img.png","width":165,"height":32,"caption":"Qwartz studio"},"image":{"@id":"https:\/\/qwartzstudio.com\/#\/schema\/logo\/image\/"}}]}},"_links":{"self":[{"href":"https:\/\/qwartzstudio.com\/index.php\/wp-json\/wp\/v2\/pages\/1911","targetHints":{"allow":["GET"]}}],"collection":[{"href":"https:\/\/qwartzstudio.com\/index.php\/wp-json\/wp\/v2\/pages"}],"about":[{"href":"https:\/\/qwartzstudio.com\/index.php\/wp-json\/wp\/v2\/types\/page"}],"author":[{"embeddable":true,"href":"https:\/\/qwartzstudio.com\/index.php\/wp-json\/wp\/v2\/users\/1"}],"replies":[{"embeddable":true,"href":"https:\/\/qwartzstudio.com\/index.php\/wp-json\/wp\/v2\/comments?post=1911"}],"version-history":[{"count":85,"href":"https:\/\/qwartzstudio.com\/index.php\/wp-json\/wp\/v2\/pages\/1911\/revisions"}],"predecessor-version":[{"id":8737,"href":"https:\/\/qwartzstudio.com\/index.php\/wp-json\/wp\/v2\/pages\/1911\/revisions\/8737"}],"wp:attachment":[{"href":"https:\/\/qwartzstudio.com\/index.php\/wp-json\/wp\/v2\/media?parent=1911"}],"curies":[{"name":"wp","href":"https:\/\/api.w.org\/{rel}","templated":true}]}}